{"id":8885,"date":"2024-02-23T11:36:29","date_gmt":"2024-02-23T10:36:29","guid":{"rendered":"https:\/\/ncadvocat.lu\/?page_id=8885"},"modified":"2026-02-27T11:56:11","modified_gmt":"2026-02-27T10:56:11","slug":"relational","status":"publish","type":"page","link":"https:\/\/ncadvocat.lu\/en\/relational\/","title":{"rendered":"Relational"},"content":{"rendered":"<div class=\"wpb-content-wrapper\"><p>[vc_row css=&#8221;.vc_custom_1681201656065{padding-top: 80px !important;padding-bottom: 80px !important;}&#8221;][vc_column][vc_custom_heading text=&#8221;NC ADVOCAT&#8221; font_container=&#8221;tag:h1|font_size:30px|text_align:left&#8221; use_theme_fonts=&#8221;yes&#8221; el_class=&#8221;fw-semibold&#8221;][vc_column_text css=&#8221;.vc_custom_1708684448483{margin-bottom: 0px !important;}&#8221; el_class=&#8221;fw-semibold&#8221;]NC Advocat places particular emphasis on meeting your requirements. Our law firm is by your side, be it for an appointment so that you know your rights or for legal recourse meant to impose your interest, either as a plaintiff or as a defendant.[\/vc_column_text][\/vc_column][\/vc_row][vc_row full_width=&#8221;stretch_row_content_no_spaces&#8221; equal_height=&#8221;yes&#8221; content_placement=&#8221;middle&#8221; css=&#8221;.vc_custom_1682499867793{padding-top: 0px !important;padding-bottom: 0px !important;background-color: #f5f5f5 !important;}&#8221; el_id=&#8221;sectionAmont&#8221;][vc_column offset=&#8221;vc_col-lg-4 vc_col-md-4 vc_col-xs-12&#8243;][vc_single_image image=&#8221;519&#8243; img_size=&#8221;full&#8221;][\/vc_column][vc_column el_class=&#8221;txtAmont&#8221; offset=&#8221;vc_col-lg-8 vc_col-md-8 vc_col-xs-12&#8243;][vc_custom_heading text=&#8221;A personalised and humane approach&#8221; font_container=&#8221;tag:h3|text_align:left&#8221; use_theme_fonts=&#8221;yes&#8221; el_class=&#8221;fw-semibold&#8221;][vc_column_text]<strong>NC Advocat is a law firm that offers legal advice. Here, traditional file management goes hand in hand with a modern view of client-lawyer relations.<\/strong><\/p>\n<p>&nbsp;<\/p>\n<p>Or mission does not only consist of carrying out legal services on behalf of our clients. NC Advocat also specialises in solving conflicts and providing counsel and risk-prevention for your future projects. It is this personalised approach, which allows for establishing client-lawyer relations based on mutual trust and contributes to providing the best services possible.[\/vc_column_text][\/vc_column][\/vc_row][vc_row full_width=&#8221;stretch_row_content_no_spaces&#8221; equal_height=&#8221;yes&#8221; content_placement=&#8221;middle&#8221; css=&#8221;.vc_custom_1682498841788{padding-top: 80px !important;padding-bottom: 80px !important;}&#8221; el_id=&#8221;sectionAval&#8221;][vc_column el_class=&#8221;txtAval&#8221; offset=&#8221;vc_col-lg-8 vc_col-md-8 vc_col-xs-12&#8243;][vc_custom_heading text=&#8221;Trust and transparence&#8230;&#8221; font_container=&#8221;tag:h3|text_align:left&#8221; use_theme_fonts=&#8221;yes&#8221; el_class=&#8221;fw-semibold&#8221;][vc_column_text]<strong>\u2026when dealing with your file<\/strong><\/p>\n<p>&nbsp;<\/p>\n<p>During your file\u2019s life, NC Advocat will give you a regular update on its progress and be absolutely transparent with you.<\/p>\n<p>We are at your disposal for any additional information you might require and will happily explain to you the different steps your lawyer has taken, as well as the different stages of the legal process. [\/vc_column_text][\/vc_column][vc_column offset=&#8221;vc_col-lg-4 vc_col-md-4 vc_col-xs-12&#8243;][vc_single_image image=&#8221;521&#8243; img_size=&#8221;full&#8221; alignment=&#8221;right&#8221;][\/vc_column][\/vc_row][vc_row full_width=&#8221;stretch_row_content_no_spaces&#8221; equal_height=&#8221;yes&#8221; content_placement=&#8221;middle&#8221; el_id=&#8221;sectionContact&#8221; css=&#8221;.vc_custom_1682503537219{margin-top: 80px !important;}&#8221;][vc_column][vc_single_image image=&#8221;8891&#8243; img_size=&#8221;full&#8221; alignment=&#8221;center&#8221; title=&#8221;Contact.&#8221;][vc_row_inner][vc_column_inner offset=&#8221;vc_col-lg-3 vc_col-md-3 vc_col-xs-12&#8243;][vc_raw_html]JTNDZGl2JTIwaWQlM0QlMjJjb250YWN0VHlwZSUyMiUyMGNsYXNzJTNEJTIyY29udGFpbmVyJTIwdGV4dC1jZW50ZXIlMjIlM0UlMEElMjAlMjAlMjAlMjAlM0NkaXYlMjBjbGFzcyUzRCUyMnJvdyUyMiUzRSUwQSUyMCUyMCUyMCUyMCUyMCUyMCUyMCUyMCUzQ2RpdiUyMGNsYXNzJTNEJTIyY29sJTIyJTNFJTI2bmJzcCUzQiUzQyUyRmRpdiUzRSUwQSUwQSUyMCUyMCUyMCUyMCUyMCUyMCUyMCUyMCUzQ2RpdiUyMGNsYXNzJTNEJTIyY29sJTIwdGVhbXMlMjIlM0UlMEElMjAlMjAlMjAlMjAlMjAlMjAlMjAlMjAlMjAlMjAlMjAlMjAlM0NpbWclMjBzcmMlM0QlMjIlMkZ3cC1jb250ZW50JTJGdGhlbWVzJTJGbmNhJTJGYXNzZXRzJTJGaW1nJTJGdGVhbXMtcmVkLnN2ZyUyMiUyMGFsdCUzRCUyMnRlYW1zJTIyJTNFJTBBJTIwJTIwJTIwJTIwJTIwJTIwJTIwJTIwJTIwJTIwJTIwJTIwJTNDZGl2JTIwaWQlM0QlMjJ0ZWFtcy1kZXRhaWwlMjIlM0UlMEElMjAlMjAlMjAlMjAlMjAlMjAlMjAlMjAlMjAlMjAlMjAlMjAlMjAlMjAlMjAlMjAlM0NhJTIwaHJlZiUzRCUyMmh0dHBzJTNBJTJGJTJGdGVhbXMubWljcm9zb2Z0LmNvbSUyRmwlMkZjaGF0JTJGMCUyRjAlM0Z1c2VycyUzRGluZm8lNDBuY2Fkdm9jYXQubHUlMjIlMjB0YXJnZXQlM0QlMjJfYmxhbmslMjIlM0UlM0NzdHJvbmclM0VNaWNyb3NvZnQlMjBUZWFtcyUzQyUyRnN0cm9uZyUzRSUzQyUyRmElM0UlMEElMjAlMjAlMjAlMjAlMjAlMjAlMjAlMjAlMjAlMjAlMjAlMjAlM0MlMkZkaXYlM0UlMEElMjAlMjAlMjAlMjAlMjAlMjAlMjAlMjAlM0MlMkZkaXYlM0UlMEElMjAlMjAlMjAlMjAlM0MlMkZkaXYlM0UlMEElMEElMjAlMjAlMjAlMjAlM0NkaXYlMjBjbGFzcyUzRCUyMnJvdyUyMiUzRSUwQSUyMCUyMCUyMCUyMCUyMCUyMCUyMCUyMCUzQ2RpdiUyMGNsYXNzJTNEJTIyY29sJTIwd2hhdHNhcHAlMjIlM0UlMEElMjAlMjAlMjAlMjAlMjAlMjAlMjAlMjAlMjAlMjAlMjAlMjAlM0NpbWclMjBzcmMlM0QlMjIlMkZ3cC1jb250ZW50JTJGdGhlbWVzJTJGbmNhJTJGYXNzZXRzJTJGaW1nJTJGd2hhdHNhcHAtcmVkLnN2ZyUyMiUyMGFsdCUzRCUyMndoYXRzYXBwJTIyJTNFJTBBJTIwJTIwJTIwJTIwJTIwJTIwJTIwJTIwJTIwJTIwJTIwJTIwJTNDZGl2JTIwaWQlM0QlMjJ3aGF0c2FwcC1kZXRhaWwlMjIlM0UlMEElMjAlMjAlMjAlMjAlMjAlMjAlMjAlMjAlMjAlMjAlMjAlMjAlMjAlMjAlMjAlMjAlM0NhJTIwaHJlZiUzRCUyMmh0dHBzJTNBJTJGJTJGd2EubWUlMkYzNTI2OTEzMTYzNzElMjIlMjB0YXJnZXQlM0QlMjJfYmxhbmslMjIlM0UlM0NzdHJvbmclM0VDaGF0JTNDJTJGc3Ryb25nJTNFJTNDYnIlMjAlMkYlM0UlMEElMjAlMjAlMjAlMjAlMjAlMjAlMjAlMjAlMjAlMjAlMjAlMjAlMjAlMjAlMjAlMjBXaGF0c2FwcCUzQyUyRmElM0UlMEElMjAlMjAlMjAlMjAlMjAlMjAlMjAlMjAlMjAlMjAlMjAlMjAlM0MlMkZkaXYlM0UlMEElMjAlMjAlMjAlMjAlMjAlMjAlMjAlMjAlM0MlMkZkaXYlM0UlMEElMjAlMjAlMjAlMjAlMjAlMjAlMjAlMjAlMEElMjAlMjAlMjAlMjAlMjAlMjAlMjAlMjAlM0NkaXYlMjBjbGFzcyUzRCUyMmNvbCUyMG1haWwlMjIlM0UlMEElMjAlMjAlMjAlMjAlMjAlMjAlMjAlMjAlMjAlMjAlMjAlMjAlM0NpbWclMjBzcmMlM0QlMjIlMkZ3cC1jb250ZW50JTJGdGhlbWVzJTJGbmNhJTJGYXNzZXRzJTJGaW1nJTJGbWFpbC1yZWQuc3ZnJTIyJTIwYWx0JTNEJTIybWFpbCUyMiUzRSUwQSUyMCUyMCUyMCUyMCUyMCUyMCUyMCUyMCUyMCUyMCUyMCUyMCUzQ2RpdiUyMGlkJTNEJTIybWFpbC1kZXRhaWwlMjIlM0UlMEElMjAlMjAlMjAlMjAlMjAlMjAlMjAlMjAlMjAlMjAlMjAlMjAlMjAlMjAlMjAlMjAlM0NzdHJvbmclM0VFLW1haWwlM0NiciUyMCUyRiUzRSUzQ2ElMjBocmVmJTNEJTIybWFpbHRvJTNBaW5mbyU0MG5jYWR2b2NhdC5sdSUyMiUzRWluZm8lNDBuY2Fkdm9jYXQubHUlM0MlMkZhJTNFJTNDJTJGc3Ryb25nJTNFJTBBJTIwJTIwJTIwJTIwJTIwJTIwJTIwJTIwJTIwJTIwJTIwJTIwJTNDJTJGZGl2JTNFJTBBJTIwJTIwJTIwJTIwJTIwJTIwJTIwJTIwJTNDJTJGZGl2JTNFJTBBJTIwJTIwJTIwJTIwJTNDJTJGZGl2JTNFJTBBJTIwJTIwJTIwJTIwJTBBJTIwJTIwJTIwJTIwJTNDZGl2JTIwY2xhc3MlM0QlMjJyb3clMjIlM0UlMEElMjAlMjAlMjAlMjAlMjAlMjAlMjAlMjAlM0NkaXYlMjBjbGFzcyUzRCUyMmNvbCUyMiUzRSUyNm5ic3AlM0IlM0MlMkZkaXYlM0UlMEElMjAlMjAlMjAlMjAlMjAlMjAlMjAlMjAlMEElMjAlMjAlMjAlMjAlMjAlMjAlMjAlMjAlM0NkaXYlMjBjbGFzcyUzRCUyMmNvbCUyMHBob25lJTIyJTNFJTBBJTIwJTIwJTIwJTIwJTIwJTIwJTIwJTIwJTIwJTIwJTIwJTIwJTNDaW1nJTIwc3JjJTNEJTIyJTJGd3AtY29udGVudCUyRnRoZW1lcyUyRm5jYSUyRmFzc2V0cyUyRmltZyUyRnBob25lLXJlZC5zdmclMjIlMjBhbHQlM0QlMjJwaG9uZSUyMiUzRSUwQSUyMCUyMCUyMCUyMCUyMCUyMCUyMCUyMCUyMCUyMCUyMCUyMCUzQ2RpdiUyMGlkJTNEJTIycGhvbmUtZGV0YWlsJTIyJTNFJTBBJTIwJTIwJTIwJTIwJTIwJTIwJTIwJTIwJTIwJTIwJTIwJTIwJTIwJTIwJTIwJTIwJTNDc3Ryb25nJTNFQ29udGFjdGV6LW5vdXMlM0NiciUyMCUyRiUzRSUwQSUyMCUyMCUyMCUyMCUyMCUyMCUyMCUyMCUyMCUyMCUyMCUyMCUyMCUyMCUyMCUyMCUyMCUyMCUyMCUyMCUzQ2ElMjBocmVmJTNEJTIydGVsJTNBJTJCMzUyMjc0MDI3NjIlMjIlM0UlMkIzNTIlMjAyNyUyMDQwJTIwMjclMjA2MiUzQyUyRmElM0UlMEElMjAlMjAlMjAlMjAlMjAlMjAlMjAlMjAlMjAlMjAlMjAlMjAlMjAlMjAlMjAlMjAlM0MlMkZzdHJvbmclM0UlMEElMjAlMjAlMjAlMjAlMjAlMjAlMjAlMjAlMjAlMjAlMjAlMjAlM0MlMkZkaXYlM0UlMEElMjAlMjAlMjAlMjAlMjAlMjAlMjAlMjAlM0MlMkZkaXYlM0UlMEElMjAlMjAlMjAlMjAlM0MlMkZkaXYlM0UlMEElM0MlMkZkaXYlM0U=[\/vc_raw_html][\/vc_column_inner][vc_column_inner offset=&#8221;vc_col-lg-6 vc_col-md-6 vc_col-xs-12&#8243; el_id=&#8221;textContact&#8221;][vc_column_text css=&#8221;.vc_custom_1708684579529{margin-top: 50px !important;}&#8221; el_class=&#8221;fontHelveticaLight&#8221;]Our legal team is available to study your situation by email, telephone or video via Microsoft Teams every day during our office hours.[\/vc_column_text]\n<div class=\"wpcf7 no-js\" id=\"wpcf7-f145-o1\" lang=\"fr-FR\" dir=\"ltr\" data-wpcf7-id=\"145\">\n<div class=\"screen-reader-response\"><p role=\"status\" aria-live=\"polite\" aria-atomic=\"true\"><\/p> <ul><\/ul><\/div>\n<form action=\"\/en\/wp-json\/wp\/v2\/pages\/8885#wpcf7-f145-o1\" method=\"post\" class=\"wpcf7-form init\" aria-label=\"Formulaire de contact\" novalidate=\"novalidate\" data-status=\"init\">\n<fieldset class=\"hidden-fields-container\"><input type=\"hidden\" name=\"_wpcf7\" value=\"145\" \/><input type=\"hidden\" name=\"_wpcf7_version\" value=\"6.1.2\" \/><input type=\"hidden\" name=\"_wpcf7_locale\" value=\"fr_FR\" \/><input type=\"hidden\" name=\"_wpcf7_unit_tag\" value=\"wpcf7-f145-o1\" \/><input type=\"hidden\" name=\"_wpcf7_container_post\" value=\"0\" \/><input type=\"hidden\" name=\"_wpcf7_posted_data_hash\" value=\"\" \/><input type=\"hidden\" name=\"_wpcf7_recaptcha_response\" value=\"\" \/>\n<\/fieldset>\n<div id=\"contactForm\" class=\"container\">\n\t<div class=\"row\">\n\t\t<div class=\"col-md-6\">\n\t\t\t<p><span class=\"wpcf7-form-control-wrap\" data-name=\"your-name\"><input size=\"40\" maxlength=\"400\" class=\"wpcf7-form-control wpcf7-text wpcf7-validates-as-required\" autocomplete=\"name\" aria-required=\"true\" aria-invalid=\"false\" placeholder=\"Nom\" value=\"\" type=\"text\" name=\"your-name\" \/><\/span>\n\t\t\t<\/p>\n\t\t<\/div>\n\t\t<div class=\"col-md-6\">\n\t\t\t<p><span class=\"wpcf7-form-control-wrap\" data-name=\"your-firstname\"><input size=\"40\" maxlength=\"400\" class=\"wpcf7-form-control wpcf7-text wpcf7-validates-as-required\" autocomplete=\"name\" aria-required=\"true\" aria-invalid=\"false\" placeholder=\"Pr\u00e9nom\" value=\"\" type=\"text\" name=\"your-firstname\" \/><\/span>\n\t\t\t<\/p>\n\t\t<\/div>\n\t<\/div>\n\t<div class=\"row\">\n\t\t<div class=\"col-md-6\">\n\t\t\t<p><span class=\"wpcf7-form-control-wrap\" data-name=\"your-phone\"><input size=\"40\" maxlength=\"400\" class=\"wpcf7-form-control wpcf7-tel wpcf7-validates-as-required wpcf7-text wpcf7-validates-as-tel\" aria-required=\"true\" aria-invalid=\"false\" placeholder=\"T\u00e9l\u00e9phone\" value=\"\" type=\"tel\" name=\"your-phone\" \/><\/span>\n\t\t\t<\/p>\n\t\t<\/div>\n\t\t<div class=\"col-md-6\">\n\t\t\t<p><span class=\"wpcf7-form-control-wrap\" data-name=\"your-email\"><input size=\"40\" maxlength=\"400\" class=\"wpcf7-form-control wpcf7-email wpcf7-validates-as-required wpcf7-text wpcf7-validates-as-email\" autocomplete=\"email\" aria-required=\"true\" aria-invalid=\"false\" placeholder=\"Mail\" value=\"\" type=\"email\" name=\"your-email\" \/><\/span>\n\t\t\t<\/p>\n\t\t<\/div>\n\t<\/div>\n\t<div class=\"row\">\n\t\t<div class=\"col-md-12\">\n\t\t\t<p><span class=\"wpcf7-form-control-wrap\" data-name=\"competences\"><select class=\"wpcf7-form-control wpcf7-select wpcf7-validates-as-required\" aria-required=\"true\" aria-invalid=\"false\" name=\"competences\"><option value=\"\">Objet<\/option><option value=\"Droit commercial\">Droit commercial<\/option><option value=\"Droit immobilier\">Droit immobilier<\/option><option value=\"Droit de la famille\">Droit de la famille<\/option><option value=\"Droit des soci\u00e9t\u00e9s\">Droit des soci\u00e9t\u00e9s<\/option><option value=\"Droit du travail\">Droit du travail<\/option><option value=\"Droit routier\">Droit routier<\/option><option value=\"Autres comp\u00e9tences\">Autres comp\u00e9tences<\/option><\/select><\/span>\n\t\t\t<\/p>\n\t\t<\/div>\n\t<\/div>\n\t<div class=\"row\">\n\t\t<div class=\"col-md-12\">\n\t\t\t<p><span class=\"wpcf7-form-control-wrap\" data-name=\"your-message\"><textarea cols=\"40\" rows=\"10\" maxlength=\"2000\" class=\"wpcf7-form-control wpcf7-textarea wpcf7-validates-as-required\" aria-required=\"true\" aria-invalid=\"false\" placeholder=\"Message\" name=\"your-message\"><\/textarea><\/span>\n\t\t\t<\/p>\n\t\t<\/div>\n\t<\/div>\n\t<div class=\"row\">\n\t\t<div class=\"col-md-12\">\n\t\t\t<p><span class=\"wpcf7-form-control-wrap\" data-name=\"acceptance-1\"><span class=\"wpcf7-form-control wpcf7-acceptance\"><span class=\"wpcf7-list-item\"><label><input type=\"checkbox\" name=\"acceptance-1\" value=\"1\" aria-invalid=\"false\" \/><span class=\"wpcf7-list-item-label\">J\u2019accepte que mes donn\u00e9es soient utilis\u00e9es pour r\u00e9pondre \u00e0 ma demande.<\/span><\/label><\/span><\/span><\/span>\n\t\t\t<\/p>\n\t\t<\/div>\n\t<\/div>\n\t<div class=\"row\">\n\t\t<div class=\"col-md-12\">\n\t\t\t<p><button type=\"submit\" class=\"wpcf7-submit\">Envoyer <i class=\"fas fa-arrow-right\"><\/i><\/button><br \/>\n<img decoding=\"async\" class=\"ajax-loader\" src=\"\/wp-content\/plugins\/contact-form-7\/images\/ajax-loader.gif\" alt=\"Sending ...\" style=\"visibility: hidden; opacity: 1;\" \/>\n\t\t\t<\/p>\n\t\t<\/div>\n\t<\/div>\n\t<div>\n\t<\/div>\n<\/div><div class=\"wpcf7-response-output\" aria-hidden=\"true\"><\/div>\n<\/form>\n<\/div>\n[\/vc_column_inner][vc_column_inner offset=&#8221;vc_col-lg-3 vc_col-md-3 vc_col-xs-12&#8243;][vc_raw_html css=&#8221;&#8221;]JTNDZGl2JTIwY2xhc3MlM0QlMjJjb250YWN0RW5jYXJ0JTIyJTNFJTBBJTIwJTIwJTIwJTIwJTNDaW1nJTIwc3JjJTNEJTIyJTJGd3AtY29udGVudCUyRnRoZW1lcyUyRm5jYSUyRmFzc2V0cyUyRmltZyUyRmxvZ28tYmxhY2stcG9pbnQuc3ZnJTIyJTIwYWx0JTNEJTIybG9nbyUyMiUzRSUwQSUyMCUyMCUyMCUyMCUzQ2RpdiUyMGNsYXNzJTNEJTIyaW5mb0VuY2FydCUyMiUzRSUwQSUyMCUyMCUyMCUyMCUyMCUyMCUyMCUyMDJhJTJDJTIwcnVlJTIwZGUlMjBsYSUyMFBhaXglM0NiciUyMCUyRiUzRSUwQSUyMCUyMCUyMCUyMCUyMCUyMCUyMCUyMEwtJTIwMjMxMiUyMEx1eGVtYm91cmclMEElMjAlMjAlMjAlMjAlM0MlMkZkaXYlM0UlMEElM0MlMkZkaXYlM0U=[\/vc_raw_html][vc_custom_heading text=&#8221;Locate us&#8221; font_container=&#8221;tag:h4|text_align:center&#8221; use_theme_fonts=&#8221;yes&#8221;][vc_raw_html css=&#8221;&#8221;]JTNDaWZyYW1lJTIwc3JjJTNEJTIyaHR0cHMlM0ElMkYlMkZ3d3cuZ29vZ2xlLmNvbSUyRm1hcHMlMkZlbWJlZCUzRnBiJTNEJTIxMW0xOCUyMTFtMTIlMjExbTMlMjExZDI1ODUuNzIyNTE1OTQzODg0NCUyMTJkNi4xMzc2NTczNDk4MjQ1MiUyMTNkNDkuNjAyOTgxOTk4MzE0NTclMjEybTMlMjExZjAlMjEyZjAlMjEzZjAlMjEzbTIlMjExaTEwMjQlMjEyaTc2OCUyMTRmMTMuMSUyMTNtMyUyMTFtMiUyMTFzMHg0Nzk1NDhjZWUyZjA0YjQxJTI1M0EweDkwMmRjZDYyYWQyMzk2NTElMjEyczJhJTI1MjBSdWUlMjUyMGRlJTI1MjBsYSUyNTIwUGFpeCUyNTJDJTI1MjAyMzEyJTI1MjBCb25uZXZvaWUtTm9yZC1WZXJsb3Jlbmtvc3QlMjUyMEx1eGVtYm91cmclMjE1ZTAlMjEzbTIlMjExc2ZyJTIxMnNmciUyMTR2MTc3MjE4NzM1NzA4NiUyMTVtMiUyMTFzZnIlMjEyc2ZyJTIyJTIwd2lkdGglM0QlMjIxMDAlMjUlMjIlMjBoZWlnaHQlM0QlMjIzOTAlMjIlMjBzdHlsZSUzRCUyMmJvcmRlciUzQTAlM0IlMjIlMjBhbGxvd2Z1bGxzY3JlZW4lM0QlMjIlMjIlMjBsb2FkaW5nJTNEJTIybGF6eSUyMiUyMHJlZmVycmVycG9saWN5JTNEJTIybm8tcmVmZXJyZXItd2hlbi1kb3duZ3JhZGUlMjIlM0UlM0MlMkZpZnJhbWUlM0U=[\/vc_raw_html][\/vc_column_inner][\/vc_row_inner][\/vc_column][\/vc_row]<\/p>\n<\/div>","protected":false},"excerpt":{"rendered":"<div class=\"BlogDate\">23 Feb  2024<\/div>\n<p>[vc_row css=&#8221;.vc_custom_1681201656065{padding-top: 80px !important;padding-bottom: 80px !important;}&#8221;][vc_column][vc_custom_heading text=&#8221;NC ADVOCAT&#8221; font_container=&#8221;tag:h1|font_size:30px|text_align:left&#8221; use_theme_fonts=&#8221;yes&#8221; el_class=&#8221;fw-semibold&#8221;][vc_column_text css=&#8221;.vc_custom_1708684448483{margin-bottom: 0px !important;}&#8221; el_class=&#8221;fw-semibold&#8221;]NC Advocat places particular emphasis on meeting your requirements. Our law firm is by your side, be it for an appointment so that you know your rights or for legal recourse meant to impose your interest, either as a plaintiff or [&hellip;]<\/p>\n","protected":false},"author":1,"featured_media":0,"parent":0,"menu_order":0,"comment_status":"closed","ping_status":"closed","template":"","meta":{"footnotes":""},"class_list":["post-8885","page","type-page","status-publish","hentry"],"yoast_head":"<!-- This site is optimized with the Yoast SEO plugin v26.2 - https:\/\/yoast.com\/wordpress\/plugins\/seo\/ -->\n<title>Relational - NC Advocat<\/title>\n<meta name=\"robots\" content=\"index, follow, max-snippet:-1, max-image-preview:large, max-video-preview:-1\" \/>\n<link rel=\"canonical\" href=\"https:\/\/ncadvocat.lu\/en\/relational\/\" \/>\n<meta property=\"og:locale\" content=\"en_US\" \/>\n<meta property=\"og:type\" content=\"article\" \/>\n<meta property=\"og:title\" content=\"Relational - NC Advocat\" \/>\n<meta property=\"og:description\" content=\"23 Feb 2024[vc_row css=&#8221;.vc_custom_1681201656065{padding-top: 80px !important;padding-bottom: 80px !important;}&#8221;][vc_column][vc_custom_heading text=&#8221;NC ADVOCAT&#8221; font_container=&#8221;tag:h1|font_size:30px|text_align:left&#8221; use_theme_fonts=&#8221;yes&#8221; el_class=&#8221;fw-semibold&#8221;][vc_column_text css=&#8221;.vc_custom_1708684448483{margin-bottom: 0px !important;}&#8221; el_class=&#8221;fw-semibold&#8221;]NC Advocat places particular emphasis on meeting your requirements. Our law firm is by your side, be it for an appointment so that you know your rights or for legal recourse meant to impose your interest, either as a plaintiff or [&hellip;]\" \/>\n<meta property=\"og:url\" content=\"https:\/\/ncadvocat.lu\/en\/relational\/\" \/>\n<meta property=\"og:site_name\" content=\"NC Advocat\" \/>\n<meta property=\"article:modified_time\" content=\"2026-02-27T10:56:11+00:00\" \/>\n<meta name=\"twitter:card\" content=\"summary_large_image\" \/>\n<meta name=\"twitter:label1\" content=\"Est. reading time\" \/>\n\t<meta name=\"twitter:data1\" content=\"3 minutes\" \/>\n<script type=\"application\/ld+json\" class=\"yoast-schema-graph\">{\"@context\":\"https:\/\/schema.org\",\"@graph\":[{\"@type\":\"WebPage\",\"@id\":\"https:\/\/ncadvocat.lu\/en\/relational\/\",\"url\":\"https:\/\/ncadvocat.lu\/en\/relational\/\",\"name\":\"Relational - NC Advocat\",\"isPartOf\":{\"@id\":\"https:\/\/ncadvocat.lu\/#website\"},\"datePublished\":\"2024-02-23T10:36:29+00:00\",\"dateModified\":\"2026-02-27T10:56:11+00:00\",\"breadcrumb\":{\"@id\":\"https:\/\/ncadvocat.lu\/en\/relational\/#breadcrumb\"},\"inLanguage\":\"en-US\",\"potentialAction\":[{\"@type\":\"ReadAction\",\"target\":[\"https:\/\/ncadvocat.lu\/en\/relational\/\"]}]},{\"@type\":\"BreadcrumbList\",\"@id\":\"https:\/\/ncadvocat.lu\/en\/relational\/#breadcrumb\",\"itemListElement\":[{\"@type\":\"ListItem\",\"position\":1,\"name\":\"Accueil\",\"item\":\"https:\/\/ncadvocat.lu\/en\/accueil\/\"},{\"@type\":\"ListItem\",\"position\":2,\"name\":\"Relational\"}]},{\"@type\":\"WebSite\",\"@id\":\"https:\/\/ncadvocat.lu\/#website\",\"url\":\"https:\/\/ncadvocat.lu\/\",\"name\":\"NC Advocat\",\"description\":\"\",\"potentialAction\":[{\"@type\":\"SearchAction\",\"target\":{\"@type\":\"EntryPoint\",\"urlTemplate\":\"https:\/\/ncadvocat.lu\/?s={search_term_string}\"},\"query-input\":{\"@type\":\"PropertyValueSpecification\",\"valueRequired\":true,\"valueName\":\"search_term_string\"}}],\"inLanguage\":\"en-US\"}]}<\/script>\n<!-- \/ Yoast SEO plugin. -->","yoast_head_json":{"title":"Relational - NC Advocat","robots":{"index":"index","follow":"follow","max-snippet":"max-snippet:-1","max-image-preview":"max-image-preview:large","max-video-preview":"max-video-preview:-1"},"canonical":"https:\/\/ncadvocat.lu\/en\/relational\/","og_locale":"en_US","og_type":"article","og_title":"Relational - NC Advocat","og_description":"23 Feb 2024[vc_row css=&#8221;.vc_custom_1681201656065{padding-top: 80px !important;padding-bottom: 80px !important;}&#8221;][vc_column][vc_custom_heading text=&#8221;NC ADVOCAT&#8221; font_container=&#8221;tag:h1|font_size:30px|text_align:left&#8221; use_theme_fonts=&#8221;yes&#8221; el_class=&#8221;fw-semibold&#8221;][vc_column_text css=&#8221;.vc_custom_1708684448483{margin-bottom: 0px !important;}&#8221; el_class=&#8221;fw-semibold&#8221;]NC Advocat places particular emphasis on meeting your requirements. Our law firm is by your side, be it for an appointment so that you know your rights or for legal recourse meant to impose your interest, either as a plaintiff or [&hellip;]","og_url":"https:\/\/ncadvocat.lu\/en\/relational\/","og_site_name":"NC Advocat","article_modified_time":"2026-02-27T10:56:11+00:00","twitter_card":"summary_large_image","twitter_misc":{"Est. reading time":"3 minutes"},"schema":{"@context":"https:\/\/schema.org","@graph":[{"@type":"WebPage","@id":"https:\/\/ncadvocat.lu\/en\/relational\/","url":"https:\/\/ncadvocat.lu\/en\/relational\/","name":"Relational - NC Advocat","isPartOf":{"@id":"https:\/\/ncadvocat.lu\/#website"},"datePublished":"2024-02-23T10:36:29+00:00","dateModified":"2026-02-27T10:56:11+00:00","breadcrumb":{"@id":"https:\/\/ncadvocat.lu\/en\/relational\/#breadcrumb"},"inLanguage":"en-US","potentialAction":[{"@type":"ReadAction","target":["https:\/\/ncadvocat.lu\/en\/relational\/"]}]},{"@type":"BreadcrumbList","@id":"https:\/\/ncadvocat.lu\/en\/relational\/#breadcrumb","itemListElement":[{"@type":"ListItem","position":1,"name":"Accueil","item":"https:\/\/ncadvocat.lu\/en\/accueil\/"},{"@type":"ListItem","position":2,"name":"Relational"}]},{"@type":"WebSite","@id":"https:\/\/ncadvocat.lu\/#website","url":"https:\/\/ncadvocat.lu\/","name":"NC Advocat","description":"","potentialAction":[{"@type":"SearchAction","target":{"@type":"EntryPoint","urlTemplate":"https:\/\/ncadvocat.lu\/?s={search_term_string}"},"query-input":{"@type":"PropertyValueSpecification","valueRequired":true,"valueName":"search_term_string"}}],"inLanguage":"en-US"}]}},"_links":{"self":[{"href":"https:\/\/ncadvocat.lu\/en\/wp-json\/wp\/v2\/pages\/8885","targetHints":{"allow":["GET"]}}],"collection":[{"href":"https:\/\/ncadvocat.lu\/en\/wp-json\/wp\/v2\/pages"}],"about":[{"href":"https:\/\/ncadvocat.lu\/en\/wp-json\/wp\/v2\/types\/page"}],"author":[{"embeddable":true,"href":"https:\/\/ncadvocat.lu\/en\/wp-json\/wp\/v2\/users\/1"}],"replies":[{"embeddable":true,"href":"https:\/\/ncadvocat.lu\/en\/wp-json\/wp\/v2\/comments?post=8885"}],"version-history":[{"count":4,"href":"https:\/\/ncadvocat.lu\/en\/wp-json\/wp\/v2\/pages\/8885\/revisions"}],"predecessor-version":[{"id":20942,"href":"https:\/\/ncadvocat.lu\/en\/wp-json\/wp\/v2\/pages\/8885\/revisions\/20942"}],"wp:attachment":[{"href":"https:\/\/ncadvocat.lu\/en\/wp-json\/wp\/v2\/media?parent=8885"}],"curies":[{"name":"wp","href":"https:\/\/api.w.org\/{rel}","templated":true}]}}